{"id":24239,"date":"2025-11-12T16:18:36","date_gmt":"2025-11-12T21:18:36","guid":{"rendered":"http:\/\/305ticketdefense.com\/terminos-y-condiciones\/"},"modified":"2025-11-19T18:14:37","modified_gmt":"2025-11-19T23:14:37","slug":"terminos-y-condiciones","status":"publish","type":"page","link":"https:\/\/305ticketdefense.com\/es\/terminos-y-condiciones\/","title":{"rendered":"T\u00e9rminos y condiciones"},"content":{"rendered":"\n<p><strong>Fecha de entrada en vigor: 1 de octubre de 2024<\/strong><\/p>\n\n<p>Lea atentamente estos T\u00e9rminos y condiciones (\u00abT\u00e9rminos\u00bb) antes de utilizar el sitio web de 305 Ticket Defense (el \u00abSitio\u00bb). Al acceder o utilizar el Sitio, usted acepta quedar vinculado por estos T\u00e9rminos.<\/p>\n\n<h2 class=\"wp-block-heading\">1. Uso general del sitio web<\/h2>\n\n<h3 class=\"wp-block-heading\">A. Fines informativos \u00fanicamente<\/h3>\n\n<p>El contenido de este Sitio, incluidos los materiales enlazados, tiene <strong>fines informativos generales \u00fanicamente<\/strong> con respecto a los servicios legales y se proporciona al p\u00fablico. No constituye, ni pretende constituir, asesoramiento legal para ninguna situaci\u00f3n espec\u00edfica.<\/p>\n\n<h3 class=\"wp-block-heading\">B. No existe relaci\u00f3n abogado-cliente<\/h3>\n\n<p>La visualizaci\u00f3n de este Sitio o el contacto con nosotros a trav\u00e9s de cualquier m\u00e9todo (tel\u00e9fono, correo electr\u00f3nico, redes sociales o SMS) <strong>no establece una relaci\u00f3n abogado-cliente<\/strong> entre usted y 305 Ticket Defense. Una relaci\u00f3n formal de abogado-cliente solo se crea despu\u00e9s de que hayamos recibido un acuerdo de representaci\u00f3n y honorarios firmado, hayamos recibido el pago requerido y le hayamos proporcionado una confirmaci\u00f3n de aceptaci\u00f3n por escrito.<\/p>\n\n<h3 class=\"wp-block-heading\">C. Limitaci\u00f3n de responsabilidad<\/h3>\n\n<p>305 Ticket Defense declina toda responsabilidad por cualquier consecuencia, acci\u00f3n tomada o inacci\u00f3n derivada de su confianza en el contenido presentado o al que se acceda a trav\u00e9s de este Sitio. El uso del Sitio es bajo su propio riesgo.<\/p>\n\n<h2 class=\"wp-block-heading\">2. T\u00e9rminos de servicio de SMS\/mensajes de texto<\/h2>\n\n<p>Al optar por nuestro servicio de mensajes de texto, usted acepta estos t\u00e9rminos espec\u00edficos:<\/p>\n\n<h3 class=\"wp-block-heading\">A. Consentimiento expreso<\/h3>\n\n<p>Usted entiende y acepta que, al iniciar el contacto con nosotros a trav\u00e9s de un mensaje de texto, o al proporcionar su n\u00famero de tel\u00e9fono y marcar una casilla en nuestro Sitio para recibir mensajes de texto, est\u00e1 proporcionando un <strong>consentimiento expreso por escrito<\/strong> para recibir mensajes de texto de 305 Ticket Defense con respecto a su consulta, estado del caso, citas y actualizaciones del servicio. Usted entiende que el consentimiento no es una condici\u00f3n para la compra de ning\u00fan servicio.<\/p>\n\n<h3 class=\"wp-block-heading\">B. Comandos de Detener y Ayuda (Exclusi\u00f3n obligatoria)<\/h3>\n\n<ul class=\"wp-block-list\">\n<li><strong>STOP:<\/strong> Para cancelar el servicio de SMS en cualquier momento, simplemente <strong>responda STOP<\/strong> a cualquier mensaje que reciba. Recibir\u00e1 un mensaje final confirmando que se ha dado de baja.<\/li>\n\n\n\n<li><strong>HELP:<\/strong> Para obtener ayuda o m\u00e1s informaci\u00f3n, <strong>responda HELP<\/strong>. Recibir\u00e1 un mensaje con informaci\u00f3n de contacto de soporte (n\u00famero de tel\u00e9fono y correo electr\u00f3nico).<\/li>\n<\/ul>\n\n<h3 class=\"wp-block-heading\">C. Frecuencia y tarifas de los mensajes<\/h3>\n\n<p>La frecuencia de los mensajes variar\u00e1 en funci\u00f3n de su consulta o del estado de su caso. <strong>Pueden aplicarse tarifas de mensajes y datos<\/strong> de su operador de telefon\u00eda m\u00f3vil. Consulte a su proveedor de servicios inal\u00e1mbricos para obtener m\u00e1s detalles.<\/p>\n\n<h3 class=\"wp-block-heading\">D. Uso de proveedores externos<\/h3>\n\n<p>Utilizamos <strong>Twilio<\/strong> para nuestro n\u00famero de mensajer\u00eda gratuita y <strong>ManyChat<\/strong> para gestionar nuestro flujo de conversaci\u00f3n. Usted reconoce que la entrega de mensajes est\u00e1 sujeta a la transmisi\u00f3n efectiva de su operador de red m\u00f3vil y est\u00e1 fuera del control de 305 Ticket Defense. No somos responsables de los mensajes retrasados o no entregados.<\/p>\n\n<h2 class=\"wp-block-heading\">3. Informaci\u00f3n de contacto<\/h2>\n\n<p>Si tiene alguna pregunta sobre estos T\u00e9rminos, p\u00f3ngase en contacto con nosotros en:<\/p>\n\n<p><strong>305 Ticket Defense<\/strong> <strong>Direcci\u00f3n:<\/strong> 3785 NW 82nd Avenue, Suite 403 Doral, FL 33166 <strong>Tel\u00e9fono:<\/strong> 305-227-4271 <strong>Correo electr\u00f3nico:<\/strong>info@305ticketdefense.com<\/p>\n","protected":false},"excerpt":{"rendered":"<p>Fecha de entrada en vigor: 1 de octubre de 2024 Lea atentamente estos T\u00e9rminos y condiciones (\u00abT\u00e9rminos\u00bb) antes de utilizar el sitio web de 305 Ticket Defense (el \u00abSitio\u00bb). Al acceder o utilizar el Sitio, usted acepta quedar vinculado por estos T\u00e9rminos. 1. Uso general del sitio web A. Fines informativos \u00fanicamente El contenido de [&hellip;]<\/p>\n","protected":false},"author":1,"featured_media":0,"parent":0,"menu_order":0,"comment_status":"closed","ping_status":"closed","template":"","meta":{"_acf_changed":false,"_et_pb_use_builder":"off","_et_pb_old_content":"","_et_gb_content_width":"","footnotes":""},"class_list":["post-24239","page","type-page","status-publish","hentry"],"acf":[],"_links":{"self":[{"href":"https:\/\/305ticketdefense.com\/es\/wp-json\/wp\/v2\/pages\/24239","targetHints":{"allow":["GET"]}}],"collection":[{"href":"https:\/\/305ticketdefense.com\/es\/wp-json\/wp\/v2\/pages"}],"about":[{"href":"https:\/\/305ticketdefense.com\/es\/wp-json\/wp\/v2\/types\/page"}],"author":[{"embeddable":true,"href":"https:\/\/305ticketdefense.com\/es\/wp-json\/wp\/v2\/users\/1"}],"replies":[{"embeddable":true,"href":"https:\/\/305ticketdefense.com\/es\/wp-json\/wp\/v2\/comments?post=24239"}],"version-history":[{"count":0,"href":"https:\/\/305ticketdefense.com\/es\/wp-json\/wp\/v2\/pages\/24239\/revisions"}],"wp:attachment":[{"href":"https:\/\/305ticketdefense.com\/es\/wp-json\/wp\/v2\/media?parent=24239"}],"curies":[{"name":"wp","href":"https:\/\/api.w.org\/{rel}","templated":true}]}}